{"id":38,"date":"2021-11-10T14:17:44","date_gmt":"2021-11-10T13:17:44","guid":{"rendered":"https:\/\/www.ndcom.de\/?page_id=38"},"modified":"2024-01-05T10:11:53","modified_gmt":"2024-01-05T09:11:53","slug":"kontakt","status":"publish","type":"page","link":"https:\/\/www.ndcom.de\/en\/kontakt\/","title":{"rendered":"Contact"},"content":{"rendered":"<div data-elementor-type=\"wp-page\" data-elementor-id=\"38\" class=\"elementor elementor-38\" data-elementor-post-type=\"page\">\n\t\t\t\t\t\t<section class=\"elementor-section elementor-top-section elementor-element elementor-element-31dbfd02 elementor-section-height-min-height elementor-section-boxed elementor-section-height-default elementor-section-items-middle\" data-id=\"31dbfd02\" data-element_type=\"section\" data-e-type=\"section\" data-settings=\"{&quot;background_background&quot;:&quot;classic&quot;}\">\n\t\t\t\t\t\t\t<div class=\"elementor-background-overlay\"><\/div>\n\t\t\t\t\t\t\t<div class=\"elementor-container elementor-column-gap-default\">\n\t\t\t\t\t<div class=\"elementor-column elementor-col-100 elementor-top-column elementor-element elementor-element-4691f81d\" data-id=\"4691f81d\" data-element_type=\"column\" data-e-type=\"column\">\n\t\t\t<div class=\"elementor-widget-wrap elementor-element-populated\">\n\t\t\t\t\t\t<div class=\"elementor-element elementor-element-50c9b28e elementor-widget elementor-widget-heading\" data-id=\"50c9b28e\" data-element_type=\"widget\" data-e-type=\"widget\" data-widget_type=\"heading.default\">\n\t\t\t\t<div class=\"elementor-widget-container\">\n\t\t\t\t\t<h1 class=\"elementor-heading-title elementor-size-default\">Contact<\/h1>\t\t\t\t<\/div>\n\t\t\t\t<\/div>\n\t\t\t\t\t<\/div>\n\t\t<\/div>\n\t\t\t\t\t<\/div>\n\t\t<\/section>\n\t\t\t\t<section class=\"elementor-section elementor-top-section elementor-element elementor-element-76cf37b7 elementor-section-boxed elementor-section-height-default elementor-section-height-default\" data-id=\"76cf37b7\" data-element_type=\"section\" data-e-type=\"section\" data-settings=\"{&quot;background_background&quot;:&quot;classic&quot;}\">\n\t\t\t\t\t\t<div class=\"elementor-container elementor-column-gap-default\">\n\t\t\t\t\t<div class=\"elementor-column elementor-col-50 elementor-top-column elementor-element elementor-element-25472a0d\" data-id=\"25472a0d\" data-element_type=\"column\" data-e-type=\"column\">\n\t\t\t<div class=\"elementor-widget-wrap elementor-element-populated\">\n\t\t\t\t\t\t<div class=\"elementor-element elementor-element-4e152544 elementor-widget elementor-widget-heading\" data-id=\"4e152544\" data-element_type=\"widget\" data-e-type=\"widget\" data-widget_type=\"heading.default\">\n\t\t\t\t<div class=\"elementor-widget-container\">\n\t\t\t\t\t<h2 class=\"elementor-heading-title elementor-size-default translation-block\">Get in touch with us<br><\/h2>\t\t\t\t<\/div>\n\t\t\t\t<\/div>\n\t\t\t\t\t<\/div>\n\t\t<\/div>\n\t\t\t\t<div class=\"elementor-column elementor-col-50 elementor-top-column elementor-element elementor-element-24d97b89\" data-id=\"24d97b89\" data-element_type=\"column\" data-e-type=\"column\">\n\t\t\t<div class=\"elementor-widget-wrap elementor-element-populated\">\n\t\t\t\t\t\t<div class=\"elementor-element elementor-element-6be86872 elementor-widget elementor-widget-text-editor\" data-id=\"6be86872\" data-element_type=\"widget\" data-e-type=\"widget\" data-widget_type=\"text-editor.default\">\n\t\t\t\t<div class=\"elementor-widget-container\">\n\t\t\t\t\t\t\t\t\t<p>We will find simple solutions for complex challenges for you and your project. We attach great importance to our many years of experience in the eCommerce area - from the draft to the finished code.<\/p>\t\t\t\t\t\t\t\t<\/div>\n\t\t\t\t<\/div>\n\t\t\t\t\t<\/div>\n\t\t<\/div>\n\t\t\t\t\t<\/div>\n\t\t<\/section>\n\t\t\t\t<section class=\"elementor-section elementor-top-section elementor-element elementor-element-20e7709 elementor-section-boxed elementor-section-height-default elementor-section-height-default\" data-id=\"20e7709\" data-element_type=\"section\" data-e-type=\"section\" data-settings=\"{&quot;background_background&quot;:&quot;classic&quot;}\">\n\t\t\t\t\t\t<div class=\"elementor-container elementor-column-gap-default\">\n\t\t\t\t\t<div class=\"elementor-column elementor-col-50 elementor-top-column elementor-element elementor-element-6e3685f9\" data-id=\"6e3685f9\" data-element_type=\"column\" data-e-type=\"column\">\n\t\t\t<div class=\"elementor-widget-wrap elementor-element-populated\">\n\t\t\t\t\t\t<div class=\"elementor-element elementor-element-2fbe2c2c elementor-widget elementor-widget-image\" data-id=\"2fbe2c2c\" data-element_type=\"widget\" data-e-type=\"widget\" data-widget_type=\"image.default\">\n\t\t\t\t<div class=\"elementor-widget-container\">\n\t\t\t\t\t\t\t\t\t\t\t\t\t\t\t<img fetchpriority=\"high\" decoding=\"async\" width=\"300\" height=\"300\" src=\"https:\/\/www.ndcom.de\/wp-content\/uploads\/2023\/12\/ndc_thomas-grahammer-round-bw3-300x300.png\" class=\"attachment-medium size-medium wp-image-2452\" alt=\"CEO Thomas Grahammer\" srcset=\"https:\/\/www.ndcom.de\/wp-content\/uploads\/2023\/12\/ndc_thomas-grahammer-round-bw3-300x300.png 300w, https:\/\/www.ndcom.de\/wp-content\/uploads\/2023\/12\/ndc_thomas-grahammer-round-bw3-150x150.png 150w, https:\/\/www.ndcom.de\/wp-content\/uploads\/2023\/12\/ndc_thomas-grahammer-round-bw3-12x12.png 12w, https:\/\/www.ndcom.de\/wp-content\/uploads\/2023\/12\/ndc_thomas-grahammer-round-bw3.png 725w\" sizes=\"(max-width: 300px) 100vw, 300px\" \/>\t\t\t\t\t\t\t\t\t\t\t\t\t\t\t<\/div>\n\t\t\t\t<\/div>\n\t\t\t\t\t<\/div>\n\t\t<\/div>\n\t\t\t\t<div class=\"elementor-column elementor-col-50 elementor-top-column elementor-element elementor-element-167f2f3a\" data-id=\"167f2f3a\" data-element_type=\"column\" data-e-type=\"column\">\n\t\t\t<div class=\"elementor-widget-wrap elementor-element-populated\">\n\t\t\t\t\t\t<div class=\"elementor-element elementor-element-3bb580bc elementor-widget elementor-widget-heading\" data-id=\"3bb580bc\" data-element_type=\"widget\" data-e-type=\"widget\" data-widget_type=\"heading.default\">\n\t\t\t\t<div class=\"elementor-widget-container\">\n\t\t\t\t\t<h2 class=\"elementor-heading-title elementor-size-default\">Your contact person<\/h2>\t\t\t\t<\/div>\n\t\t\t\t<\/div>\n\t\t\t\t<div class=\"elementor-element elementor-element-11ef5866 elementor-widget elementor-widget-text-editor\" data-id=\"11ef5866\" data-element_type=\"widget\" data-e-type=\"widget\" data-widget_type=\"text-editor.default\">\n\t\t\t\t<div class=\"elementor-widget-container\">\n\t\t\t\t\t\t\t\t\t<h3>Thomas Grahammer<\/h3>\n<p>Senior Software Engineer | CEO<\/p>\n<p><strong><br><\/strong><\/p>\n<p><\/p>\n<p class=\"translation-block\">Passionate software developer. With more than 30,000 project hours, more than 5,000 of them in the Magento area, he has excellent experience for your eCommerce solution.<br>He would be happy to advise you on your project.<\/p>\t\t\t\t\t\t\t\t<\/div>\n\t\t\t\t<\/div>\n\t\t\t\t<div class=\"elementor-element elementor-element-2f0ef5d elementor-icon-list--layout-traditional elementor-list-item-link-full_width elementor-widget elementor-widget-icon-list\" data-id=\"2f0ef5d\" data-element_type=\"widget\" data-e-type=\"widget\" data-widget_type=\"icon-list.default\">\n\t\t\t\t<div class=\"elementor-widget-container\">\n\t\t\t\t\t\t\t<ul class=\"elementor-icon-list-items\">\n\t\t\t\t\t\t\t<li class=\"elementor-icon-list-item\">\n\t\t\t\t\t\t\t\t\t\t\t<span class=\"elementor-icon-list-icon\">\n\t\t\t\t\t\t\t<i aria-hidden=\"true\" class=\"fas fa-phone\"><\/i>\t\t\t\t\t\t<\/span>\n\t\t\t\t\t\t\t\t\t\t<span class=\"elementor-icon-list-text\">+49 8678 44996-0<\/span>\n\t\t\t\t\t\t\t\t\t<\/li>\n\t\t\t\t\t\t\t\t<li class=\"elementor-icon-list-item\">\n\t\t\t\t\t\t\t\t\t\t\t<a href=\"mailto:info@ndcom.de\">\n\n\t\t\t\t\t\t\t\t\t\t\t\t<span class=\"elementor-icon-list-icon\">\n\t\t\t\t\t\t\t<i aria-hidden=\"true\" class=\"far fa-envelope\"><\/i>\t\t\t\t\t\t<\/span>\n\t\t\t\t\t\t\t\t\t\t<span class=\"elementor-icon-list-text\">info@ndcom.de<\/span>\n\t\t\t\t\t\t\t\t\t\t\t<\/a>\n\t\t\t\t\t\t\t\t\t<\/li>\n\t\t\t\t\t\t<\/ul>\n\t\t\t\t\t\t<\/div>\n\t\t\t\t<\/div>\n\t\t\t\t\t<\/div>\n\t\t<\/div>\n\t\t\t\t\t<\/div>\n\t\t<\/section>\n\t\t\t\t<\/div>","protected":false},"excerpt":{"rendered":"<p>Kontakt Treten Sie mit uns in Kontakt Wir finden f\u00fcr Sie und Ihr Vorhaben einfache L\u00f6sungen f\u00fcr komplexe Herausforderungen. Dabei legen wir gro\u00dfen Wert auf unsere jahrelangen Erfahrungen im eCommerce Bereich \u2013 vom Entwurf bis zum fertigen Code. Ihr Ansprechpartner Thomas Grahammer Senior Software Engineer | CEO Softwareentwickler aus Leidenschaft. Mit mehr als 30.000 Projektstunden, [&hellip;]<\/p>\n","protected":false},"author":1,"featured_media":0,"parent":0,"menu_order":0,"comment_status":"closed","ping_status":"closed","template":"","meta":{"footnotes":""},"class_list":["post-38","page","type-page","status-publish","hentry"],"yoast_head":"<!-- This site is optimized with the Yoast SEO plugin v27.5 - https:\/\/yoast.com\/product\/yoast-seo-wordpress\/ -->\n<title>Agentur | NDCom Digital GmbH &amp; Co. KG - Ihre eCommerce Agentur<\/title>\n<meta name=\"description\" content=\"Treten Sie mit uns in Kontakt! NDCom Digital GmbH &amp; Co. KG | Ulmenweg 3 | D-84533 Stammham | Telefon: +49 8678 747961 | eMail: info@ndcom.de\" \/>\n<meta name=\"robots\" content=\"index, follow, max-snippet:-1, max-image-preview:large, max-video-preview:-1\" \/>\n<link rel=\"canonical\" href=\"https:\/\/www.ndcom.de\/en\/kontakt\/\" \/>\n<meta property=\"og:locale\" content=\"en_US\" \/>\n<meta property=\"og:type\" content=\"article\" \/>\n<meta property=\"og:title\" content=\"Agentur | NDCom Digital GmbH &amp; Co. KG - Ihre eCommerce Agentur\" \/>\n<meta property=\"og:description\" content=\"Treten Sie mit uns in Kontakt! NDCom Digital GmbH &amp; Co. KG | Ulmenweg 3 | D-84533 Stammham | Telefon: +49 8678 747961 | eMail: info@ndcom.de\" \/>\n<meta property=\"og:url\" content=\"https:\/\/www.ndcom.de\/en\/kontakt\/\" \/>\n<meta property=\"og:site_name\" content=\"NDCom Digital GmbH &amp; Co. KG | Enterprise eCommerce Agentur\" \/>\n<meta property=\"article:publisher\" content=\"https:\/\/www.facebook.com\/ndcom.de\" \/>\n<meta property=\"article:modified_time\" content=\"2024-01-05T09:11:53+00:00\" \/>\n<meta property=\"og:image\" content=\"https:\/\/www.ndcom.de\/wp-content\/uploads\/2023\/12\/ndc_thomas-grahammer-round-bw3-300x300.png\" \/>\n<meta name=\"twitter:card\" content=\"summary_large_image\" \/>\n<meta name=\"twitter:label1\" content=\"Est. reading time\" \/>\n\t<meta name=\"twitter:data1\" content=\"1 minute\" \/>\n<script type=\"application\/ld+json\" class=\"yoast-schema-graph\">{\"@context\":\"https:\\\/\\\/schema.org\",\"@graph\":[{\"@type\":\"WebPage\",\"@id\":\"https:\\\/\\\/www.ndcom.de\\\/kontakt\\\/\",\"url\":\"https:\\\/\\\/www.ndcom.de\\\/kontakt\\\/\",\"name\":\"Agentur | NDCom Digital GmbH & Co. KG - Ihre eCommerce Agentur\",\"isPartOf\":{\"@id\":\"https:\\\/\\\/www.ndcom.de\\\/#website\"},\"primaryImageOfPage\":{\"@id\":\"https:\\\/\\\/www.ndcom.de\\\/kontakt\\\/#primaryimage\"},\"image\":{\"@id\":\"https:\\\/\\\/www.ndcom.de\\\/kontakt\\\/#primaryimage\"},\"thumbnailUrl\":\"https:\\\/\\\/www.ndcom.de\\\/wp-content\\\/uploads\\\/2023\\\/12\\\/ndc_thomas-grahammer-round-bw3-300x300.png\",\"datePublished\":\"2021-11-10T13:17:44+00:00\",\"dateModified\":\"2024-01-05T09:11:53+00:00\",\"description\":\"Treten Sie mit uns in Kontakt! NDCom Digital GmbH & Co. KG | Ulmenweg 3 | D-84533 Stammham | Telefon: +49 8678 747961 | eMail: info@ndcom.de\",\"inLanguage\":\"en-US\",\"potentialAction\":[{\"@type\":\"ReadAction\",\"target\":[\"https:\\\/\\\/www.ndcom.de\\\/kontakt\\\/\"]}]},{\"@type\":\"ImageObject\",\"inLanguage\":\"en-US\",\"@id\":\"https:\\\/\\\/www.ndcom.de\\\/kontakt\\\/#primaryimage\",\"url\":\"https:\\\/\\\/www.ndcom.de\\\/wp-content\\\/uploads\\\/2023\\\/12\\\/ndc_thomas-grahammer-round-bw3-300x300.png\",\"contentUrl\":\"https:\\\/\\\/www.ndcom.de\\\/wp-content\\\/uploads\\\/2023\\\/12\\\/ndc_thomas-grahammer-round-bw3-300x300.png\"},{\"@type\":\"WebSite\",\"@id\":\"https:\\\/\\\/www.ndcom.de\\\/#website\",\"url\":\"https:\\\/\\\/www.ndcom.de\\\/\",\"name\":\"NDCom Digital GmbH &amp; Co. KG | Enterprise eCommerce Agentur\",\"description\":\"Enterprise eCommerce Agentur\",\"publisher\":{\"@id\":\"https:\\\/\\\/www.ndcom.de\\\/#organization\"},\"potentialAction\":[{\"@type\":\"SearchAction\",\"target\":{\"@type\":\"EntryPoint\",\"urlTemplate\":\"https:\\\/\\\/www.ndcom.de\\\/?s={search_term_string}\"},\"query-input\":{\"@type\":\"PropertyValueSpecification\",\"valueRequired\":true,\"valueName\":\"search_term_string\"}}],\"inLanguage\":\"en-US\"},{\"@type\":\"Organization\",\"@id\":\"https:\\\/\\\/www.ndcom.de\\\/#organization\",\"name\":\"NDCom Digital GmbH & Co. KG\",\"url\":\"https:\\\/\\\/www.ndcom.de\\\/\",\"logo\":{\"@type\":\"ImageObject\",\"inLanguage\":\"en-US\",\"@id\":\"https:\\\/\\\/www.ndcom.de\\\/#\\\/schema\\\/logo\\\/image\\\/\",\"url\":\"https:\\\/\\\/www.ndcom.de\\\/wp-content\\\/uploads\\\/2022\\\/05\\\/ndcom_4c_positiv.png\",\"contentUrl\":\"https:\\\/\\\/www.ndcom.de\\\/wp-content\\\/uploads\\\/2022\\\/05\\\/ndcom_4c_positiv.png\",\"width\":766,\"height\":266,\"caption\":\"NDCom Digital GmbH & Co. KG\"},\"image\":{\"@id\":\"https:\\\/\\\/www.ndcom.de\\\/#\\\/schema\\\/logo\\\/image\\\/\"},\"sameAs\":[\"https:\\\/\\\/www.facebook.com\\\/ndcom.de\"]}]}<\/script>\n<!-- \/ Yoast SEO plugin. -->","yoast_head_json":{"title":"Agentur | NDCom Digital GmbH & Co. KG - Ihre eCommerce Agentur","description":"Treten Sie mit uns in Kontakt! NDCom Digital GmbH & Co. KG | Ulmenweg 3 | D-84533 Stammham | Telefon: +49 8678 747961 | eMail: info@ndcom.de","robots":{"index":"index","follow":"follow","max-snippet":"max-snippet:-1","max-image-preview":"max-image-preview:large","max-video-preview":"max-video-preview:-1"},"canonical":"https:\/\/www.ndcom.de\/en\/kontakt\/","og_locale":"en_US","og_type":"article","og_title":"Agentur | NDCom Digital GmbH & Co. KG - Ihre eCommerce Agentur","og_description":"Treten Sie mit uns in Kontakt! NDCom Digital GmbH & Co. KG | Ulmenweg 3 | D-84533 Stammham | Telefon: +49 8678 747961 | eMail: info@ndcom.de","og_url":"https:\/\/www.ndcom.de\/en\/kontakt\/","og_site_name":"NDCom Digital GmbH &amp; Co. KG | Enterprise eCommerce Agentur","article_publisher":"https:\/\/www.facebook.com\/ndcom.de","article_modified_time":"2024-01-05T09:11:53+00:00","og_image":[{"url":"https:\/\/www.ndcom.de\/wp-content\/uploads\/2023\/12\/ndc_thomas-grahammer-round-bw3-300x300.png","type":"","width":"","height":""}],"twitter_card":"summary_large_image","twitter_misc":{"Est. reading time":"1 minute"},"schema":{"@context":"https:\/\/schema.org","@graph":[{"@type":"WebPage","@id":"https:\/\/www.ndcom.de\/kontakt\/","url":"https:\/\/www.ndcom.de\/kontakt\/","name":"Agentur | NDCom Digital GmbH & Co. KG - Ihre eCommerce Agentur","isPartOf":{"@id":"https:\/\/www.ndcom.de\/#website"},"primaryImageOfPage":{"@id":"https:\/\/www.ndcom.de\/kontakt\/#primaryimage"},"image":{"@id":"https:\/\/www.ndcom.de\/kontakt\/#primaryimage"},"thumbnailUrl":"https:\/\/www.ndcom.de\/wp-content\/uploads\/2023\/12\/ndc_thomas-grahammer-round-bw3-300x300.png","datePublished":"2021-11-10T13:17:44+00:00","dateModified":"2024-01-05T09:11:53+00:00","description":"Treten Sie mit uns in Kontakt! NDCom Digital GmbH & Co. KG | Ulmenweg 3 | D-84533 Stammham | Telefon: +49 8678 747961 | eMail: info@ndcom.de","inLanguage":"en-US","potentialAction":[{"@type":"ReadAction","target":["https:\/\/www.ndcom.de\/kontakt\/"]}]},{"@type":"ImageObject","inLanguage":"en-US","@id":"https:\/\/www.ndcom.de\/kontakt\/#primaryimage","url":"https:\/\/www.ndcom.de\/wp-content\/uploads\/2023\/12\/ndc_thomas-grahammer-round-bw3-300x300.png","contentUrl":"https:\/\/www.ndcom.de\/wp-content\/uploads\/2023\/12\/ndc_thomas-grahammer-round-bw3-300x300.png"},{"@type":"WebSite","@id":"https:\/\/www.ndcom.de\/#website","url":"https:\/\/www.ndcom.de\/","name":"NDCom Digital GmbH &amp; Co. KG | Enterprise eCommerce Agentur","description":"Enterprise eCommerce Agentur","publisher":{"@id":"https:\/\/www.ndcom.de\/#organization"},"potentialAction":[{"@type":"SearchAction","target":{"@type":"EntryPoint","urlTemplate":"https:\/\/www.ndcom.de\/?s={search_term_string}"},"query-input":{"@type":"PropertyValueSpecification","valueRequired":true,"valueName":"search_term_string"}}],"inLanguage":"en-US"},{"@type":"Organization","@id":"https:\/\/www.ndcom.de\/#organization","name":"NDCom Digital GmbH & Co. KG","url":"https:\/\/www.ndcom.de\/","logo":{"@type":"ImageObject","inLanguage":"en-US","@id":"https:\/\/www.ndcom.de\/#\/schema\/logo\/image\/","url":"https:\/\/www.ndcom.de\/wp-content\/uploads\/2022\/05\/ndcom_4c_positiv.png","contentUrl":"https:\/\/www.ndcom.de\/wp-content\/uploads\/2022\/05\/ndcom_4c_positiv.png","width":766,"height":266,"caption":"NDCom Digital GmbH & Co. KG"},"image":{"@id":"https:\/\/www.ndcom.de\/#\/schema\/logo\/image\/"},"sameAs":["https:\/\/www.facebook.com\/ndcom.de"]}]}},"_links":{"self":[{"href":"https:\/\/www.ndcom.de\/en\/wp-json\/wp\/v2\/pages\/38","targetHints":{"allow":["GET"]}}],"collection":[{"href":"https:\/\/www.ndcom.de\/en\/wp-json\/wp\/v2\/pages"}],"about":[{"href":"https:\/\/www.ndcom.de\/en\/wp-json\/wp\/v2\/types\/page"}],"author":[{"embeddable":true,"href":"https:\/\/www.ndcom.de\/en\/wp-json\/wp\/v2\/users\/1"}],"replies":[{"embeddable":true,"href":"https:\/\/www.ndcom.de\/en\/wp-json\/wp\/v2\/comments?post=38"}],"version-history":[{"count":43,"href":"https:\/\/www.ndcom.de\/en\/wp-json\/wp\/v2\/pages\/38\/revisions"}],"predecessor-version":[{"id":2474,"href":"https:\/\/www.ndcom.de\/en\/wp-json\/wp\/v2\/pages\/38\/revisions\/2474"}],"wp:attachment":[{"href":"https:\/\/www.ndcom.de\/en\/wp-json\/wp\/v2\/media?parent=38"}],"curies":[{"name":"wp","href":"https:\/\/api.w.org\/{rel}","templated":true}]}}